{"id":540,"date":"2010-11-07T22:26:57","date_gmt":"2010-11-07T20:26:57","guid":{"rendered":"http:\/\/eltrenillo.org\/?page_id=540"},"modified":"2018-04-28T20:46:14","modified_gmt":"2018-04-28T18:46:14","slug":"historia-del-fc-valdepenas-puertollano","status":"publish","type":"page","link":"https:\/\/www.eltrenillo.com\/?page_id=540","title":{"rendered":"HISTORIA DEL FC. VALDEPE\u00d1AS-PUERTOLLANO."},"content":{"rendered":"<h1 style=\"text-align: center;\">En las siguientes p\u00e1ginas, se describe la hist\u00f3ria y<\/h1>\n<h1 style=\"text-align: center;\">caracter\u00edsticas de la extinta l\u00ednea de ferrocarril,<\/h1>\n<h1 style=\"text-align: center;\">Valdepe\u00f1as-Puertollano.<\/h1>\n<p>&nbsp;<\/p>\n<h2 style=\"text-align: justify;\">Un modesto ferrocarril, que cumpli\u00f3 durante a\u00f1os, con la importante labor de comunicar a todos los habitantes de la Vega del Jabal\u00f3n con\u00a0 la importante cuenca minera de Puertollano.<\/h2>\n","protected":false},"excerpt":{"rendered":"<p>En las siguientes p\u00e1ginas, se describe la hist\u00f3ria y caracter\u00edsticas de la extinta l\u00ednea de ferrocarril, Valdepe\u00f1as-Puertollano. &nbsp; Un modesto ferrocarril, que cumpli\u00f3 durante a\u00f1os, con la importante labor de comunicar a todos los habitantes de la Vega del Jabal\u00f3n con\u00a0 la importante cuenca minera de Puertollano.<\/p>\n","protected":false},"author":1,"featured_media":0,"parent":0,"menu_order":0,"comment_status":"closed","ping_status":"open","template":"","meta":{"footnotes":""},"class_list":["post-540","page","type-page","status-publish","hentry"],"_links":{"self":[{"href":"https:\/\/www.eltrenillo.com\/index.php?rest_route=\/wp\/v2\/pages\/540","targetHints":{"allow":["GET"]}}],"collection":[{"href":"https:\/\/www.eltrenillo.com\/index.php?rest_route=\/wp\/v2\/pages"}],"about":[{"href":"https:\/\/www.eltrenillo.com\/index.php?rest_route=\/wp\/v2\/types\/page"}],"author":[{"embeddable":true,"href":"https:\/\/www.eltrenillo.com\/index.php?rest_route=\/wp\/v2\/users\/1"}],"replies":[{"embeddable":true,"href":"https:\/\/www.eltrenillo.com\/index.php?rest_route=%2Fwp%2Fv2%2Fcomments&post=540"}],"version-history":[{"count":4,"href":"https:\/\/www.eltrenillo.com\/index.php?rest_route=\/wp\/v2\/pages\/540\/revisions"}],"predecessor-version":[{"id":1921,"href":"https:\/\/www.eltrenillo.com\/index.php?rest_route=\/wp\/v2\/pages\/540\/revisions\/1921"}],"wp:attachment":[{"href":"https:\/\/www.eltrenillo.com\/index.php?rest_route=%2Fwp%2Fv2%2Fmedia&parent=540"}],"curies":[{"name":"wp","href":"https:\/\/api.w.org\/{rel}","templated":true}]}}