{"id":531,"date":"2010-11-07T22:08:14","date_gmt":"2010-11-07T20:08:14","guid":{"rendered":"http:\/\/eltrenillo.org\/?page_id=531"},"modified":"2018-04-28T20:46:14","modified_gmt":"2018-04-28T18:46:14","slug":"actividades-2008","status":"publish","type":"page","link":"https:\/\/www.eltrenillo.com\/?page_id=531","title":{"rendered":"Actividades 2008."},"content":{"rendered":"<h2>Un a\u00f1o especial, desde 1998, han pasado ya 10 a\u00f1os, y celebramos nuestro aniversario, con nuevo logotipo, y con nuevas ilusiones.<\/h2>\n<p>-EL PASADO 4 Y 5 OCTUBRE de 2008 REALIZAMOS EL VIAJE ANUAL DE LA ASOCIACI\u00d3N A GIJ\u00d3N, REANUDANDO \u00c9STA COSTUMBRE, CON EL OBJETIVO DE VISITAR TODOS LOS MUSEOS DE FC DE ESPA\u00d1A<br \/>\n<img decoding=\"async\" src=\"http:\/\/WWW.eltrenillo.ORG\/images\/actividades trenillo\/actividades30.jpg\" alt=\"\" \/><\/p>\n<hr \/>\n<p>-EL 20 DE SEPTIEMBRE SE REALIZ\u00d3 VIAJE A VILLAROBLEDO, CON MOTIVO DE LA COMISI\u00d3N DE GOBIERNO DE LA FEDERACI\u00d3N DE CASTILLA LA MANCHA, DONDE FUIMOS RECIBIDOS POR UN CONCEJAL Y EL PERSONAL DE LA OFICINA DE TURISMO. (foto: FCMAF)<br \/>\n<img decoding=\"async\" src=\"http:\/\/WWW.eltrenillo.ORG\/images\/actividades trenillo\/actividades27.jpg\" alt=\"\" \/><\/p>\n<hr \/>\n<p>&#8211; CELEBRADA LA 11 NOCHE DE LOS EXPRESOS. -10 ANIVERSARIO-<\/p>\n<p>EL PASADO 5 JULIO CELEBRAMOS LA 11 CENA DE LOS EXPRESOS, QUE CONMEMORA EL 10 ANIVERSARIO DE NUESTRA SEDE Y DE LA FUNDACI\u00d3N DE LA ANTIGUA \u201cAGRUPACI\u00d3N VALDEPE\u00d1ERA\u201d.<br \/>\n<img decoding=\"async\" src=\"http:\/\/WWW.eltrenillo.ORG\/images\/actividades trenillo\/\/actividades24.jpg\" alt=\"\" \/><\/p>\n<p><img decoding=\"async\" src=\"http:\/\/WWW.eltrenillo.ORG\/images\/actividades trenillo\/actividades25.jpg\" alt=\"\" \/><br \/>\nfotos: ROSE<\/p>\n<p>SE PRESENT\u00d3 EL NUEVO LOGO IDENTIFICATIVO QUE CONMEMORA NUESTRO ANIVERSARIO Y DESTACA AL TRENILLO COMO LOGOTIPO INDENTIFICADOR.<br \/>\n<img decoding=\"async\" src=\"http:\/\/WWW.eltrenillo.ORG\/images\/actividades trenillo\/logosede10.jpg\" alt=\"\" \/><\/p>\n<p>SE IMPRIMIERON UNOS BILLETES CONMEMORATIVOS UTILIZANDO UNA ANTIGUA MAQUINA DE EXPEDIR BILLETES. <img decoding=\"async\" src=\"http:\/\/WWW.eltrenillo.ORG\/images\/actividades trenillo\/actividades26.jpg\" alt=\"\" \/><\/p>\n<p>&#8211; EL PASADO JULIO, COINCIDIENDO CON LA NOCHE DE LOS EXPRESOS, SE FIRM\u00d3 UN CONVENIO DE CESI\u00d3N DE LIBROS ENTRE LAS ASOCIACIONES DE CIUDAD REAL, TOLEDO Y VALDEPE\u00d1AS, LO QUE SUPONE, EN DEFINITIVA ENRIQUECER LAS BIBLIOTECAS DE TODAS LAS ASOCIACIONES. (foto: Roselino Lopez)<br \/>\n<img decoding=\"async\" src=\"http:\/\/WWW.eltrenillo.ORG\/images\/actividades trenillo\/actividades28.jpg\" alt=\"\" \/><\/p>\n<hr \/>\n<p>&#8211; &#8211; EL PASADO JUNIO, EN MADRID, REUNI\u00d3N DE LA ASAMBLEA DE LA FEDERACI\u00d3N DE AAF DE CASTILLA LA MANCHA, DONDE SE VISIT\u00d3 EL NUEVO METRO LIGERO, EL MUSEO DE FC DE DELICIAS, Y OTROS LUGARES DE INTER\u00c9S FERROVIARIO. (Foto: FCMAF)- EL PASADO JUNIO, EN MADRID, REUNI\u00d3N DE LA ASAMBLEA DE LA FEDERACI\u00d3N DE AAF DE CASTILLA LA MANCHA, DONDE SE VISIT\u00d3 EL NUEVO METRO LIGERO, EL MUSEO DE FC DE DELICIAS, Y OTROS LUGARES DE INTER\u00c9S FERROVIARIO. (Foto: FCMAF)<br \/>\n<img decoding=\"async\" src=\"http:\/\/WWW.eltrenillo.ORG\/images\/actividades trenillo\/actividades29.jpg\" alt=\"\" \/><\/p>\n<hr \/>\n<p>&#8211; EXCURSION DE LA FEDERACI\u00d3N DE CASTILLA LA MANCHA A LINARES.<br \/>\nEn la foto, podemos ver entre otros amigos de Ja\u00e9n, Linares,C. Real y Madrid, a nuestro tesorero, que es un asiduo asistente a dichos eventos y reuniones de la Federaci\u00f3n.<br \/>\n<img decoding=\"async\" src=\"http:\/\/WWW.eltrenillo.ORG\/images\/actividades trenillo\/actividades23.jpg\" alt=\"\" \/><\/p>\n<hr \/>\n","protected":false},"excerpt":{"rendered":"<p>Un a\u00f1o especial, desde 1998, han pasado ya 10 a\u00f1os, y celebramos nuestro aniversario, con nuevo logotipo, y con nuevas ilusiones. -EL PASADO 4 Y 5 OCTUBRE de 2008 REALIZAMOS EL VIAJE ANUAL DE LA ASOCIACI\u00d3N A GIJ\u00d3N, REANUDANDO \u00c9STA COSTUMBRE, CON EL OBJETIVO DE VISITAR TODOS LOS MUSEOS DE FC DE ESPA\u00d1A -EL 20 &hellip; <a href=\"https:\/\/www.eltrenillo.com\/?page_id=531\" class=\"more-link\">Continuar leyendo<span class=\"screen-reader-text\"> \u00abActividades 2008.\u00bb<\/span><\/a><\/p>\n","protected":false},"author":1,"featured_media":0,"parent":507,"menu_order":10,"comment_status":"closed","ping_status":"open","template":"","meta":{"footnotes":""},"class_list":["post-531","page","type-page","status-publish","hentry"],"_links":{"self":[{"href":"https:\/\/www.eltrenillo.com\/index.php?rest_route=\/wp\/v2\/pages\/531","targetHints":{"allow":["GET"]}}],"collection":[{"href":"https:\/\/www.eltrenillo.com\/index.php?rest_route=\/wp\/v2\/pages"}],"about":[{"href":"https:\/\/www.eltrenillo.com\/index.php?rest_route=\/wp\/v2\/types\/page"}],"author":[{"embeddable":true,"href":"https:\/\/www.eltrenillo.com\/index.php?rest_route=\/wp\/v2\/users\/1"}],"replies":[{"embeddable":true,"href":"https:\/\/www.eltrenillo.com\/index.php?rest_route=%2Fwp%2Fv2%2Fcomments&post=531"}],"version-history":[{"count":7,"href":"https:\/\/www.eltrenillo.com\/index.php?rest_route=\/wp\/v2\/pages\/531\/revisions"}],"predecessor-version":[{"id":1209,"href":"https:\/\/www.eltrenillo.com\/index.php?rest_route=\/wp\/v2\/pages\/531\/revisions\/1209"}],"up":[{"embeddable":true,"href":"https:\/\/www.eltrenillo.com\/index.php?rest_route=\/wp\/v2\/pages\/507"}],"wp:attachment":[{"href":"https:\/\/www.eltrenillo.com\/index.php?rest_route=%2Fwp%2Fv2%2Fmedia&parent=531"}],"curies":[{"name":"wp","href":"https:\/\/api.w.org\/{rel}","templated":true}]}}