{"id":502,"date":"2010-11-07T21:44:25","date_gmt":"2010-11-07T19:44:25","guid":{"rendered":"http:\/\/eltrenillo.org\/?page_id=502"},"modified":"2018-04-28T20:46:51","modified_gmt":"2018-04-28T18:46:51","slug":"noticias-2008-2","status":"publish","type":"page","link":"https:\/\/www.eltrenillo.com\/?page_id=502","title":{"rendered":"Noticias 2008."},"content":{"rendered":"<p><strong>A\u00d1O 2008<\/strong><\/p>\n<p>&#8211; SE HAN INSTALADO UNA SERIE DE MARCOS, CON LOS ESQUEMAS DE VIA, DE LA L\u00cdNEA DEL FC DE V\u00cdA ESTRECHA VALDEPE\u00d1AS-PUERTOLLANO.<br \/>\nDICHOS ESQUEMAS FUERON REALIZADOS POR PEDRO PINTADO, AL CUAL AGRADECEMOS SU INTER\u00c9S Y COLABORACI\u00d3N.<br \/>\n<img decoding=\"async\" src=\"http:\/\/eltrenillo.org\/images\/noticias\/noticia21.jpg\" alt=\"\" \/><\/p>\n<p><img decoding=\"async\" src=\"http:\/\/eltrenillo.org\/images\/noticias\/noticia22.jpg\" alt=\"\" \/><\/p>\n<p>&#8211; Adjudicadas las obras de supresi\u00f3n del paso a nivel de Valdepe\u00f1as en la l\u00ednea Madrid-Sevilla. Ministerio de Fomento, 10\/07\/2008<\/p>\n<p>El ministerio de Fomento ha adjudicado a la empresa Tableros y Puentes S.A las obras de supresi\u00f3n del paso a nivel de Valdepe\u00f1as de la l\u00ednea Madrid-Sevilla, en Ciudad Real. El presupuesto asciende a 1.092.000 euros con un plazo de ejecuci\u00f3n de 9 meses.<br \/>\nPara la supresi\u00f3n del paso a nivel existente en el punto kilom\u00e9trico (p.k) 225,480 de la l\u00ednea Madrid-Sevilla, se van a ejecutar dos viales paralelos a la v\u00eda, situados al pie del terrapl\u00e9n, que van a enlazar los accesos al paso a nivel con el paso inferior que recientemente ha ampliado el ministerio de Fomento en el p.k 225,895.<br \/>\n<img decoding=\"async\" src=\"http:\/\/eltrenillo.org\/images\/noticias\/noticia19.jpg\" alt=\"\" \/><\/p>\n<p>Asimismo, para mejorar la permeabilidad transversal del tr\u00e1fico en el municipio de Valdepe\u00f1as, las obras que ahora se licitan contemplan tambi\u00e9n la ejecuci\u00f3n de un nuevo paso inferior en el p.k 224,230, que permitir\u00e1 la conexi\u00f3n bajo la v\u00eda de los viales contemplados en el Plan de Ordenaci\u00f3n Urbana a desarrollar por el Ayuntamiento.<br \/>\n<img decoding=\"async\" src=\"http:\/\/eltrenillo.org\/images\/noticias\/noticia20.jpg\" alt=\"\" \/><\/p>\n<hr \/>\n<p>&#8211; ACABADAS LAS OBRAS EN LA SEDE Y ARREGLADA LA MAQUETA. Despu\u00e9s de varios meses, y MUCHO trabajo YA TENEMOS la maqueta y la sede TOTALMENTE operativa.<br \/>\n<img decoding=\"async\" src=\"http:\/\/eltrenillo.org\/images\/noticias\/noticia11.jpg\" alt=\"\" \/><\/p>\n<hr \/>\n<p>&#8211; LOCOMOTORA 253 DE PRUEBAS POR TIERRAS MANCHEGAS.<br \/>\nTren a su paso por Manzanares a finales de mayo por Manzanares.(foto JLP)<br \/>\n<img decoding=\"async\" src=\"http:\/\/eltrenillo.org\/images\/noticias\/noticia12.jpg\" alt=\"\" \/><\/p>\n<hr \/>\n<p>&#8211; Jos\u00e9 Luis Garc\u00eda Moreno, FACTOR DE RENFE en Valdepe\u00f1as, ser\u00e1 el nuevo concejal de Seguridad y Protecci\u00f3n Civil, desde aqu\u00ed le deseamos lo mejor en su nuevo cometido.<\/p>\n<hr \/>\n<p>&#8211; TREN ESPECIAL TMD POR MANZANARES. Foto: ATM<br \/>\nCon chaparr\u00f3n incluido, se pudo pillar a tan interesante composici\u00f3n de paso hacia Barcelona, se compone de 2 locomotoras serie 310 debidamente preparadas.<br \/>\n<img decoding=\"async\" src=\"http:\/\/eltrenillo.org\/images\/noticias\/noticia13.jpg\" alt=\"\" \/><\/p>\n<hr \/>\n<p>&#8211; TRENES ESPECIALES A SU PASO POR VALDEPE\u00d1AS. (Foto AL)<br \/>\n<img decoding=\"async\" src=\"http:\/\/eltrenillo.org\/images\/noticias\/noticia14.jpg\" alt=\"\" \/><\/p>\n<p><img decoding=\"async\" src=\"http:\/\/eltrenillo.org\/images\/noticias\/noticia15.jpg\" alt=\"\" \/><\/p>\n<hr \/>\n<p>&#8211; TREN HERBICIDA: (fotos AL)<br \/>\n<img decoding=\"async\" src=\"http:\/\/eltrenillo.org\/images\/noticias\/noticia16.jpg\" alt=\"\" \/><\/p>\n<p><img decoding=\"async\" src=\"http:\/\/eltrenillo.org\/images\/noticias\/noticia17.jpg\" alt=\"\" \/><\/p>\n<hr \/>\n<p>&#8211; EL CREADOR DEL MCFLYS EN LA TV.<br \/>\nEn \u00e9ste enlace pod\u00e9is ver la participaci\u00f3n de su creador en CLM tv.<br \/>\n<a href=\"http:\/\/www.emprendedores.orange.es\/carticulos\/188827.html\">http:\/\/www.emprendedores.orange.es\/carticulos\/188827.html<\/a><\/p>\n<hr \/>\n<p>&#8211; PRESENTACI\u00d3N DEL LIBRO: EL FERROCARRIL EN SANTA CRUZ,MOTOR DE DESARROLLO POBLACIONAL.<br \/>\nDaniel Mar\u00edn, present\u00f3 el pasado 16 de mayo, \u00e9ste interesante libro, por el cual le felicitamos y animamos a seguir trabajando por la hist\u00f3ria del Ferrocarril.<br \/>\n<img decoding=\"async\" src=\"http:\/\/eltrenillo.org\/images\/noticias\/noticia18.jpg\" alt=\"\" \/><\/p>\n<hr \/>\n<p>&#8211; NUEVO ASPECTO DE LA ENTRADA A NUESTRA SEDE SOCIAL. Enero 2008<br \/>\nDerivado de las obras (realizadas por ADIF) de modernizaci\u00f3n de las puertas y otros elementos de la Estaci\u00f3n de Valdepe\u00f1as, incluida su pintado completo, \u00e9ste es el aspecto de nuestra Sede.<br \/>\n<img decoding=\"async\" src=\"http:\/\/eltrenillo.org\/images\/noticias\/actividades20.jpg\" alt=\"\" \/><\/p>\n<hr \/>\n<p><img decoding=\"async\" src=\"http:\/\/eltrenillo.org\/images\/noticias\/federacion.jpg\" alt=\"\" \/><\/p>\n<p>&#8211; LA FEDERACION CASTELLANO MANCHEGA DE ASOCIACIONES DE AMIGOS DEL FC. \u2013de la que somos socios- PARTICIPA EN LA REDACCION DEL PLAN DE ORDENACION DEL TERRITORIO.<\/p>\n<p>La Consejer\u00eda de Ordenaci\u00f3n del Territorio de Castilla-La Mancha ha invitado a nuestra Federaci\u00f3n Regional a participar en la confecci\u00f3n del Plan de Ordenaci\u00f3n del Territorio de la Regi\u00f3n (POT-CLM).<\/p>\n<p>En concreto en aquellos temas relacionados con el ferrocarril en Castilla-La Mancha que, a trav\u00e9s de dos Mesas Redondas, se van a celebrar en Toledo el d\u00eda 17 de enero.<\/p>\n<p>La federaci\u00f3n ha elaborado una propuesta que sirve como punta de lanza en la \u201caportaci\u00f3n\u201d de nuestro granito de arena en la conformaci\u00f3n del ferrocarril del futuro.<\/p>\n<hr \/>\n<p>&#8211; TREN A.697 DIFERIDO el 9 de febrero de 2008 EN VILCHES, POR LAS OBRAS EN LA V\u00cdA EN VADOLLANO. FOTO: A. T.P.<br \/>\n<img decoding=\"async\" src=\"http:\/\/eltrenillo.org\/images\/noticias\/actividades21.jpg\" alt=\"\" \/><\/p>\n<hr \/>\n<p>&#8211; INAUGURADO EL NUEVO PASO INFERIOR DEL FERROCARRIL, a su paso por el Canal de la Veguilla.<\/p>\n<p>Con \u00e9ste ya son 2 los nuevos pasos inferiores inaugurados, y queda pendiente uno nuevo que ampliar\u00e1 la capacidad del existente junto a la salida de Los Llanos.<\/p>\n<hr \/>\n<p>&#8211; TRENES ESPECIALES EN S. SANTA desde VALDEPE\u00d1AS. Marzo 2008<\/p>\n<p>Queda as\u00ed patente el GRAN POTENCIAL QUE TIENE VALDEPE\u00d1AS EN CUANTO AL FERROCARRIL, para GENERAR 2 TRENES ESPECIALES A MADRID el domingo 23 y el lunes 24 de Marzo.<br \/>\nGracias a la Gerencia de Trenes de Media Distancia \u2013RENFE- que ha sabido atender el fuerte incremento de viajeros de \u00e9stos d\u00edas.<br \/>\n<img decoding=\"async\" src=\"http:\/\/eltrenillo.org\/images\/noticias\/actividades22.jpg\" alt=\"\" \/><\/p>\n","protected":false},"excerpt":{"rendered":"<p>A\u00d1O 2008 &#8211; SE HAN INSTALADO UNA SERIE DE MARCOS, CON LOS ESQUEMAS DE VIA, DE LA L\u00cdNEA DEL FC DE V\u00cdA ESTRECHA VALDEPE\u00d1AS-PUERTOLLANO. DICHOS ESQUEMAS FUERON REALIZADOS POR PEDRO PINTADO, AL CUAL AGRADECEMOS SU INTER\u00c9S Y COLABORACI\u00d3N. &#8211; Adjudicadas las obras de supresi\u00f3n del paso a nivel de Valdepe\u00f1as en la l\u00ednea Madrid-Sevilla. Ministerio &hellip; <a href=\"https:\/\/www.eltrenillo.com\/?page_id=502\" class=\"more-link\">Continuar leyendo<span class=\"screen-reader-text\"> \u00abNoticias 2008.\u00bb<\/span><\/a><\/p>\n","protected":false},"author":1,"featured_media":0,"parent":486,"menu_order":2,"comment_status":"closed","ping_status":"open","template":"","meta":{"footnotes":""},"class_list":["post-502","page","type-page","status-publish","hentry"],"_links":{"self":[{"href":"https:\/\/www.eltrenillo.com\/index.php?rest_route=\/wp\/v2\/pages\/502","targetHints":{"allow":["GET"]}}],"collection":[{"href":"https:\/\/www.eltrenillo.com\/index.php?rest_route=\/wp\/v2\/pages"}],"about":[{"href":"https:\/\/www.eltrenillo.com\/index.php?rest_route=\/wp\/v2\/types\/page"}],"author":[{"embeddable":true,"href":"https:\/\/www.eltrenillo.com\/index.php?rest_route=\/wp\/v2\/users\/1"}],"replies":[{"embeddable":true,"href":"https:\/\/www.eltrenillo.com\/index.php?rest_route=%2Fwp%2Fv2%2Fcomments&post=502"}],"version-history":[{"count":4,"href":"https:\/\/www.eltrenillo.com\/index.php?rest_route=\/wp\/v2\/pages\/502\/revisions"}],"predecessor-version":[{"id":1930,"href":"https:\/\/www.eltrenillo.com\/index.php?rest_route=\/wp\/v2\/pages\/502\/revisions\/1930"}],"up":[{"embeddable":true,"href":"https:\/\/www.eltrenillo.com\/index.php?rest_route=\/wp\/v2\/pages\/486"}],"wp:attachment":[{"href":"https:\/\/www.eltrenillo.com\/index.php?rest_route=%2Fwp%2Fv2%2Fmedia&parent=502"}],"curies":[{"name":"wp","href":"https:\/\/api.w.org\/{rel}","templated":true}]}}