{"id":493,"date":"2010-11-07T21:36:01","date_gmt":"2010-11-07T19:36:01","guid":{"rendered":"http:\/\/eltrenillo.org\/?page_id=493"},"modified":"2018-04-28T20:46:51","modified_gmt":"2018-04-28T18:46:51","slug":"noticias-2008","status":"publish","type":"page","link":"https:\/\/www.eltrenillo.com\/?page_id=493","title":{"rendered":"Noticias 2007."},"content":{"rendered":"<p><strong>A\u00d1O 2007:<\/strong><\/p>\n<p>&#8211; SUPRESI\u00d3N DE PARADAS Y TRENES EN VALDEPE\u00d1AS.<br \/>\n<img decoding=\"async\" src=\"http:\/\/eltrenillo.org\/images\/noticias\/noticia04.jpg\" alt=\"\" \/><\/p>\n<hr \/>\n<p>&#8211; EL MCFLYS EXPRESS FINALISTA EN CLM TV.<\/p>\n<p>El 18 enero, Jose Luis Pinilla el creador del MCFLYS EXPRESS, particip\u00f3  \t\t\t\ten el programa Generacion XXI, en la Televisi\u00f3n Castilla La Mancha.donde  \t\t\t\tqued\u00f3 semifinalista para pasar a la siguiente fase.<\/p>\n<p>Pinilla ha creado el proyecto MARE INGENIERIA FERROVIARIA ALTERNATIVA  \t\t\t\ty pretende fabricar veh\u00edculos autopropulsados ligeros para usar  \t\t\t\ten las l\u00edneas cerradas.<\/p>\n<p>Nuestra felicitaci\u00f3n a su creador\u00a1\u00a1.<br \/>\n<img decoding=\"async\" src=\"http:\/\/eltrenillo.org\/images\/noticias\/noticia05.jpg\" alt=\"\" \/><\/p>\n<hr \/>\n<p>&#8211; VISITA DEL COLEGIO DE EDUCACI\u00d3N INFANTIL de la TORRE DE JUAN ABAD.<\/p>\n<p>El 10 de mayo, tras llegar en tren de Media Distancia de RENFE, los escolares  \t\t\t\tdisfrutaron en varias \u201ctandas\u201d de la exhibici\u00f3n de  \t\t\t\tlos diferentes trenes a escala, que mostraban una evoluci\u00f3n de  \t\t\t\tla historia del Ferrocarril. Muchas gracias por vuestra visita\u00a1.<br \/>\n<img decoding=\"async\" src=\"http:\/\/eltrenillo.org\/images\/noticias\/noticia06.jpg\" alt=\"\" \/><\/p>\n<hr \/>\n<p>&#8211; INSTALADOS EN NUESTRA SEDE \u2013 Y EN FUNCIONAMIENTO- LAS SE\u00d1ALES  \t\t\t\tDEL PASO A NIVEL Y CUADRO DE ENCLAVAMIENTO.<\/p>\n<p>Tras ser rescatadas de un futuro muy incierto, han sido restauradas en  \t\t\t\tmayo del 2007 para el recuerdo de generaciones futuras.  \t\t\t\t<img decoding=\"async\" src=\"http:\/\/eltrenillo.org\/images\/noticias\/noticia07.jpg\" alt=\"\" \/><\/p>\n<hr \/>\n<p>-OBRAS DE SUPRESI\u00d3N DE LOS PASOS A NIVEL.<\/p>\n<p>Se encuentran muy avanzados las obras de inauguraci\u00f3n y supresi\u00f3n  \t\t\t\tde los pasos a nivel a su paso por Valdepe\u00f1as.<br \/>\nEstado de las obras del nuevo paso inferior \u2013junto a la \u201cVeguilla\u201d-en  \t\t\t\tseptiembre del 2007.<br \/>\n<img decoding=\"async\" src=\"http:\/\/eltrenillo.org\/images\/noticias\/noticia08.jpg\" alt=\"\" \/><\/p>\n<hr \/>\n<p>\u2018- Orisos\u2019 recupera la historia de \u201cEl Trenillo\u201d.<\/p>\n<p>Encabezada por Daniel Mar\u00edn, y asesorado por nuestra Asociaci\u00f3n,  \t\t\t\tse present\u00f3 el pasado d\u00eda 23 de Octubre, el proyecto de  \t\t\t\testudio arqueol\u00f3gico del \u201cTrenillo de Calzada\u201d con  \t\t\t\tuna charla titulada Balasto y carb\u00f3n: restos arqueol\u00f3gicos  \t\t\t\tdel trenillo, que goz\u00f3 de un buen n\u00famero de asistentes.<br \/>\n<img decoding=\"async\" src=\"http:\/\/eltrenillo.org\/images\/noticias\/noticia09.jpg\" alt=\"\" \/><\/p>\n<hr \/>\n<p>&#8211; Suprimido el paso a nivel del ferrocarril en el punto kilom\u00e9trico  \t\t\t\t224+525 de la l\u00ednea Madrid-Sevilla.<\/p>\n<p>Despu\u00e9s de m\u00e1s de un siglo sufriendo los inconvenientes  \t\t\t\tde dicho paso a Nivel en la carretera de C. Real, el pasado 31 de octubre  \t\t\t\tfue sustituido por un paso inferior. Foto: Archivo Avaaf (Severino Tirado).<br \/>\n<img decoding=\"async\" src=\"http:\/\/eltrenillo.org\/images\/noticias\/noticia10.jpg\" alt=\"\" \/><\/p>\n<hr \/>\n","protected":false},"excerpt":{"rendered":"<p>A\u00d1O 2007: &#8211; SUPRESI\u00d3N DE PARADAS Y TRENES EN VALDEPE\u00d1AS. &#8211; EL MCFLYS EXPRESS FINALISTA EN CLM TV. El 18 enero, Jose Luis Pinilla el creador del MCFLYS EXPRESS, particip\u00f3 en el programa Generacion XXI, en la Televisi\u00f3n Castilla La Mancha.donde qued\u00f3 semifinalista para pasar a la siguiente fase. Pinilla ha creado el proyecto MARE &hellip; <a href=\"https:\/\/www.eltrenillo.com\/?page_id=493\" class=\"more-link\">Continuar leyendo<span class=\"screen-reader-text\"> \u00abNoticias 2007.\u00bb<\/span><\/a><\/p>\n","protected":false},"author":1,"featured_media":0,"parent":486,"menu_order":4,"comment_status":"closed","ping_status":"open","template":"","meta":{"footnotes":""},"class_list":["post-493","page","type-page","status-publish","hentry"],"_links":{"self":[{"href":"https:\/\/www.eltrenillo.com\/index.php?rest_route=\/wp\/v2\/pages\/493","targetHints":{"allow":["GET"]}}],"collection":[{"href":"https:\/\/www.eltrenillo.com\/index.php?rest_route=\/wp\/v2\/pages"}],"about":[{"href":"https:\/\/www.eltrenillo.com\/index.php?rest_route=\/wp\/v2\/types\/page"}],"author":[{"embeddable":true,"href":"https:\/\/www.eltrenillo.com\/index.php?rest_route=\/wp\/v2\/users\/1"}],"replies":[{"embeddable":true,"href":"https:\/\/www.eltrenillo.com\/index.php?rest_route=%2Fwp%2Fv2%2Fcomments&post=493"}],"version-history":[{"count":7,"href":"https:\/\/www.eltrenillo.com\/index.php?rest_route=\/wp\/v2\/pages\/493\/revisions"}],"predecessor-version":[{"id":1932,"href":"https:\/\/www.eltrenillo.com\/index.php?rest_route=\/wp\/v2\/pages\/493\/revisions\/1932"}],"up":[{"embeddable":true,"href":"https:\/\/www.eltrenillo.com\/index.php?rest_route=\/wp\/v2\/pages\/486"}],"wp:attachment":[{"href":"https:\/\/www.eltrenillo.com\/index.php?rest_route=%2Fwp%2Fv2%2Fmedia&parent=493"}],"curies":[{"name":"wp","href":"https:\/\/api.w.org\/{rel}","templated":true}]}}