{"id":470,"date":"2010-11-07T21:02:26","date_gmt":"2010-11-07T19:02:26","guid":{"rendered":"http:\/\/eltrenillo.org\/?page_id=470"},"modified":"2018-04-28T20:46:14","modified_gmt":"2018-04-28T18:46:14","slug":"historia-de-la-asociacion","status":"publish","type":"page","link":"https:\/\/www.eltrenillo.com\/?page_id=470","title":{"rendered":"HISTORIA DE LA ASOCIACI\u00d3N."},"content":{"rendered":"<p>Breve historia de la Aaf el Trenillo.-Valdepe\u00f1as (C. Real).<\/p>\n<p>Todo empez\u00f3 cuando, en 1997,cuando, de casualidad, conoc\u00ed a Severino Tirado, un aficionado al ferrocarril de nuestra localidad, que llevaba poco tiempo residiendo en Valdepe\u00f1as, y ten\u00eda las mismas inquietudes sobre el ferrocarril que yo.<br \/>\nAl poco tiempo me coment\u00f3 que hab\u00eda conocido a otro aficionado, Jes\u00fas Sanchez.-B, y que adem\u00e1s \u00e9ste dispon\u00eda de una maqueta fabulosa.<br \/>\nAs\u00ed que, un d\u00eda nos dirigimos a su casa y hechas las correspondientes presentaciones, pasamos una buena tarde con una gran sesi\u00f3n \u201cmaquetera\u201d y hablando, c\u00f3mo no, de trenes.<\/p>\n<p>De momento, en nuestra localidad \u00e9ramos los \u00fanicos aficionados que nos conoc\u00edamos, y pronto conseguimos \u201chacer buenas migas (con semejantes ingredientes&#8230; \u00a1c\u00f3mo no\u00a1).<br \/>\nAs\u00ed las cosas, unos meses despu\u00e9s se nos ocurre la posibilidad de hacer un viaje a Canfranc (una de las mecas del Ferrocarril en Espa\u00f1a por su espectacularidad).<br \/>\nDicho y hecho, acordamos que ser\u00e1 en un fin de semana, y \u00a1all\u00e1 que vamos\u00a1.<\/p>\n<p>Un viaje, donde ya la primera noche la pasamos casi en vela, (dada la madrugadora salida del regional), y que nos lo tomamos con filosof\u00eda, dando un buen paseo por el centro de Zaragoza, cenando algo y para descansar un rato nos quedamos en una terraza de verano cerca del puente romano que cruza el Ebro en Zaragoza.<br \/>\nY entre todas las cosas que hablamos, de pronto Seve plantea: POR QUE NO CREAMOS UNA ASOCIACI\u00d3N DE AMIGOS DEL FC EN VALDEPE\u00d1AS? .<br \/>\nJes\u00fas reflexiona, yo animo y Seve ya la tiene hecha&#8230;.y tras un buen rato de debate, se decide&#8230;.!iremos hacia delante\u00a1 y en septiembre de 1998 nace la Agrupaci\u00f3n de Amigos del Fc de Valdepe\u00f1as.<\/p>\n<p><img loading=\"lazy\" decoding=\"async\" src=\"http:\/\/eltrenillo.ORG\/images\/historiaasoc\/I_fundacion_canfranc_2.jpg\" alt=\"\" width=\"500\" height=\"372\" \/>.<\/p>\n<p>Debido a que todos somos socios de AMAF (Asociaci\u00f3n de Amigos del Fc de C. Real) solicitamos integrarnos en la misma como SEDE en Valdepe\u00f1as .<br \/>\nAprobada \u00e9sta, comienzan inmediatamente las gestiones para buscar un local, que se consigue gracias a las gestiones de unos amigos (J. Carlos, Antonio, etc,) que creyeron en nosotros, y gracias al apoyo de AMAF y sus socios, y de RENFE, con la que llegamos a un acuerdo.<\/p>\n<p><img loading=\"lazy\" decoding=\"async\" src=\"http:\/\/eltrenillo.ORG\/images\/historiaasoc\/II_sede1.jpg\" alt=\"\" width=\"500\" height=\"350\" \/><\/p>\n<p>Los comienzos son muy dif\u00edciles, dado que s\u00f3lo somos 4 socios, y hay que adaptar el local a nuestras necesidades; lo primero que se hace es una derrama y con el apoyo de amigos y socios, y a objetos sobrantes de casa de cada uno, se puede presentar el local ya como sede, en junio del 1999.<\/p>\n<p><img loading=\"lazy\" decoding=\"async\" src=\"http:\/\/eltrenillo.ORG\/images\/historiaasoc\/III_presentacion_creal.jpg\" alt=\"\" width=\"500\" height=\"354\" \/><\/p>\n<p>Poco a poco la agrupaci\u00f3n va creciendo y conformando su local y estructura; es por ello que pasados casi dos a\u00f1os de su fundaci\u00f3n, y de mutuo acuerdo, (alcanzada nuestra mayor\u00eda de edad), se funda la ASOCIACI\u00d3N VALDEPE\u00d1ERA DE AMIGOS DEL FC.\u201dELTRENILLO\u201d (en recuerdo del tren de v\u00eda estrecha a Puertollano)., que contin\u00faa ahora en solitario su andadura.<\/p>\n<p>Varios hitos hay ya en dicha asociaci\u00f3n:<br \/>\n-La noche de los expresos, surge desde el primer verano,donde pasamos la noche con otros aficionados, y tras la cena, se proyectan videos y se observan los trenes que pasan.<\/p>\n<p><img loading=\"lazy\" decoding=\"async\" src=\"http:\/\/eltrenillo.ORG\/images\/historiaasoc\/IV_1nocheexpres.jpg\" alt=\"\" width=\"500\" height=\"340\" \/><\/p>\n<p>-Conforma junto con otras AAF de la comunidad, una federaci\u00f3n auton\u00f3mica de asociaciones de amigos del ferrocarril.<br \/>\n-Recientemente se ha federado a nivel nacional.<\/p>\n<p>Desde aqu\u00ed, y como socio fundador del germen de nuestra asociaci\u00f3n, doy las gracias a todos por el apoyo prestado, y por los buenos ratos que pasamos y hemos pasado juntos.<br \/>\nEspero poder disfrutar muchos a\u00f1os m\u00e1s.<\/p>\n<p>A TODOS: GRACIAS.<\/p>\n","protected":false},"excerpt":{"rendered":"<p>Breve historia de la Aaf el Trenillo.-Valdepe\u00f1as (C. Real). Todo empez\u00f3 cuando, en 1997,cuando, de casualidad, conoc\u00ed a Severino Tirado, un aficionado al ferrocarril de nuestra localidad, que llevaba poco tiempo residiendo en Valdepe\u00f1as, y ten\u00eda las mismas inquietudes sobre el ferrocarril que yo. Al poco tiempo me coment\u00f3 que hab\u00eda conocido a otro aficionado, &hellip; <a href=\"https:\/\/www.eltrenillo.com\/?page_id=470\" class=\"more-link\">Continuar leyendo<span class=\"screen-reader-text\"> \u00abHISTORIA DE LA ASOCIACI\u00d3N.\u00bb<\/span><\/a><\/p>\n","protected":false},"author":1,"featured_media":0,"parent":0,"menu_order":0,"comment_status":"closed","ping_status":"open","template":"","meta":{"footnotes":""},"class_list":["post-470","page","type-page","status-publish","hentry"],"_links":{"self":[{"href":"https:\/\/www.eltrenillo.com\/index.php?rest_route=\/wp\/v2\/pages\/470","targetHints":{"allow":["GET"]}}],"collection":[{"href":"https:\/\/www.eltrenillo.com\/index.php?rest_route=\/wp\/v2\/pages"}],"about":[{"href":"https:\/\/www.eltrenillo.com\/index.php?rest_route=\/wp\/v2\/types\/page"}],"author":[{"embeddable":true,"href":"https:\/\/www.eltrenillo.com\/index.php?rest_route=\/wp\/v2\/users\/1"}],"replies":[{"embeddable":true,"href":"https:\/\/www.eltrenillo.com\/index.php?rest_route=%2Fwp%2Fv2%2Fcomments&post=470"}],"version-history":[{"count":5,"href":"https:\/\/www.eltrenillo.com\/index.php?rest_route=\/wp\/v2\/pages\/470\/revisions"}],"predecessor-version":[{"id":1920,"href":"https:\/\/www.eltrenillo.com\/index.php?rest_route=\/wp\/v2\/pages\/470\/revisions\/1920"}],"wp:attachment":[{"href":"https:\/\/www.eltrenillo.com\/index.php?rest_route=%2Fwp%2Fv2%2Fmedia&parent=470"}],"curies":[{"name":"wp","href":"https:\/\/api.w.org\/{rel}","templated":true}]}}