{"id":1667,"date":"2015-08-27T21:16:27","date_gmt":"2015-08-27T19:16:27","guid":{"rendered":"http:\/\/www.eltrenillo.org\/?page_id=1667"},"modified":"2019-06-27T22:29:32","modified_gmt":"2019-06-27T20:29:32","slug":"aviso-legal","status":"publish","type":"page","link":"https:\/\/www.eltrenillo.com\/?page_id=1667","title":{"rendered":"AVISO LEGAL"},"content":{"rendered":"<p><img loading=\"lazy\" decoding=\"async\" class=\"aligncenter\" src=\"http:\/\/www.amigosdelferrocarril.es\/FEAAF\/logos\/logotrenillo.jpg\" alt=\"\" width=\"150\" height=\"75\" border=\"0\" \/><\/p>\n<table border=\"0\" width=\"556\" cellspacing=\"0\" cellpadding=\"0\">\n<tbody>\n<tr>\n<td colspan=\"3\" width=\"553\" height=\"59\">Esta web es propiedad de la Asociaci\u00f3n Valdepe\u00f1era de Amigos del Ferrocarril, Asociaci\u00f3n sin \u00e1nimo de lucro, sita en Valdepe\u00f1as (C. Real).<\/p>\n<p>Tiene como objetivo difundir, propagar y estudiar todo lo relacionado con el mundo del ferrocarril y su entorno a nivel t\u00e9cnico, hist\u00f3rico, sociocultural , geogr\u00e1fico, etc., y en particular, recordar el desaparecido ferrocarril de v\u00eda estrecha Valdepe\u00f1as-Puertollano.<\/p>\n<p>Para conseguir dichos objetivos y \u00a0con el \u00fanico objetivo de \u00a0su difusi\u00f3n, ya que los datos recopilados son realizados por aficionados,\u00a0\u00a0\u00a0 se crea \u00e9sta WEB; siendo sus contenidos \u00a0propiedad de la misma, salvo que se indique lo contrario, pudiendo o no identificarse con el contenido de los mismos.<\/p>\n<p>As\u00ed mismo el software utilizado \u00a0es \u00a0propiedad de sus respectivos propietarios.<\/p>\n<p>La Asociaci\u00f3n no se \u00a0hace responsable de las webs ajenas a las que se puede acceder mediante v\u00ednculos \u201clinks\u201d o de cualquier contenido puesto a disposici\u00f3n por terceros; as\u00ed como \u00a0queda eximida \u00a0de cualquier tipo de responsabilidad derivada de la informaci\u00f3n publicada en su sitio web, siempre que esta informaci\u00f3n haya sido manipulada o introducida por un tercero ajeno a nuestra Web.<\/p>\n<p>En caso\u00a0 de citar o reutilizar alg\u00fan contenido,\u00a0 debe citarse la fuente o autor.<\/p>\n<p>En caso de advertir alg\u00fan tipo\u00a0 de error, mal funcionamiento\u00a0 p\u00f3ngase en contacto con nosotros por mail (Eltrenillo@eltrenillo.com).<\/td>\n<\/tr>\n<tr>\n<td valign=\"top\" width=\"171\" height=\"59\"><strong>Local social y direcci\u00f3n postal:<\/strong><\/td>\n<td colspan=\"2\" valign=\"top\" width=\"385\" height=\"59\">Paseo de la Estaci\u00f3n, s\/n (Estaci\u00f3n de Ferrocarril ADIF)<br \/>\n13300 VALDEPE\u00d1AS (Ciudad Real)<\/td>\n<\/tr>\n<tr>\n<td valign=\"top\" width=\"171\" height=\"42\"><strong>\u00a0<\/strong><\/td>\n<td colspan=\"2\" valign=\"top\" width=\"385\" height=\"42\">Paseo de la Estaci\u00f3n, s\/n (Estaci\u00f3n de Ferrocarril ADIF)<br \/>\n13300 VALDEPE\u00d1AS (Ciudad Real)<\/td>\n<\/tr>\n<tr>\n<td valign=\"top\" width=\"171\" height=\"42\"><strong>\u00a0<\/strong><\/td>\n<td colspan=\"2\" valign=\"top\" width=\"385\" height=\"42\"><\/td>\n<\/tr>\n<tr>\n<td valign=\"top\" width=\"171\" height=\"42\"><strong>Fecha de constituci\u00f3n:<\/strong><\/td>\n<td colspan=\"2\" valign=\"top\" width=\"385\" height=\"42\">24 de febrero de 2001<\/td>\n<\/tr>\n<tr>\n<td rowspan=\"2\" valign=\"top\" width=\"171\" height=\"43\"><strong>Junta Directiva:<\/strong><\/td>\n<td valign=\"top\" width=\"77\" height=\"11\">Presidente:<\/td>\n<td valign=\"top\" width=\"308\" height=\"9\">V\u00edctor Najera S\u00e1nchez<\/td>\n<\/tr>\n<tr>\n<td valign=\"top\" width=\"77\" height=\"11\">Secretario:<\/td>\n<td valign=\"top\" width=\"308\" height=\"9\">Javier Mart\u00edn<\/td>\n<\/tr>\n<tr>\n<td valign=\"top\" width=\"171\" height=\"42\"><strong>Registros oficiales <\/strong><\/td>\n<td colspan=\"2\" valign=\"top\" width=\"385\" height=\"42\">Registro municipal\u00a0 de Asociaciones\u00a0 del Excmo. Ayto.Valdepe\u00f1as\u00a0\u00a0\u00a0 <strong>N\u00ba registro:<\/strong> 0099<\/p>\n<p>Registro de Asociaciones de Castilla-La Mancha n\u00ba 13.057.<\/p>\n<p>Asociaci\u00f3n Federada\u00a0en la Federaci\u00f3n CastellanoManchega\u00a0de Amigos del Ferrocarril, n\u00ba\u00a05<\/p>\n<p>Asociaci\u00f3n Federada\u00a0en la Federaci\u00f3n Espa\u00f1ola de Amigos del Ferrocarril, n\u00ba\u00a083<\/td>\n<\/tr>\n<\/tbody>\n<\/table>\n","protected":false},"excerpt":{"rendered":"<p>Esta web es propiedad de la Asociaci\u00f3n Valdepe\u00f1era de Amigos del Ferrocarril, Asociaci\u00f3n sin \u00e1nimo de lucro, sita en Valdepe\u00f1as (C. Real). Tiene como objetivo difundir, propagar y estudiar todo lo relacionado con el mundo del ferrocarril y su entorno a nivel t\u00e9cnico, hist\u00f3rico, sociocultural , geogr\u00e1fico, etc., y en particular, recordar el desaparecido ferrocarril &hellip; <a href=\"https:\/\/www.eltrenillo.com\/?page_id=1667\" class=\"more-link\">Continuar leyendo<span class=\"screen-reader-text\"> \u00abAVISO LEGAL\u00bb<\/span><\/a><\/p>\n","protected":false},"author":1,"featured_media":0,"parent":0,"menu_order":0,"comment_status":"closed","ping_status":"closed","template":"","meta":{"footnotes":""},"class_list":["post-1667","page","type-page","status-publish","hentry"],"_links":{"self":[{"href":"https:\/\/www.eltrenillo.com\/index.php?rest_route=\/wp\/v2\/pages\/1667","targetHints":{"allow":["GET"]}}],"collection":[{"href":"https:\/\/www.eltrenillo.com\/index.php?rest_route=\/wp\/v2\/pages"}],"about":[{"href":"https:\/\/www.eltrenillo.com\/index.php?rest_route=\/wp\/v2\/types\/page"}],"author":[{"embeddable":true,"href":"https:\/\/www.eltrenillo.com\/index.php?rest_route=\/wp\/v2\/users\/1"}],"replies":[{"embeddable":true,"href":"https:\/\/www.eltrenillo.com\/index.php?rest_route=%2Fwp%2Fv2%2Fcomments&post=1667"}],"version-history":[{"count":3,"href":"https:\/\/www.eltrenillo.com\/index.php?rest_route=\/wp\/v2\/pages\/1667\/revisions"}],"predecessor-version":[{"id":2045,"href":"https:\/\/www.eltrenillo.com\/index.php?rest_route=\/wp\/v2\/pages\/1667\/revisions\/2045"}],"wp:attachment":[{"href":"https:\/\/www.eltrenillo.com\/index.php?rest_route=%2Fwp%2Fv2%2Fmedia&parent=1667"}],"curies":[{"name":"wp","href":"https:\/\/api.w.org\/{rel}","templated":true}]}}