{"id":1484,"date":"2012-11-04T16:09:50","date_gmt":"2012-11-04T14:09:50","guid":{"rendered":"http:\/\/www.eltrenillo.org\/?page_id=1484"},"modified":"2018-04-28T20:46:51","modified_gmt":"2018-04-28T18:46:51","slug":"jornada-de-puertas-abiertas-sede-social","status":"publish","type":"page","link":"https:\/\/www.eltrenillo.com\/?page_id=1484","title":{"rendered":"Jornada de Puertas Abiertas Sede Social."},"content":{"rendered":"<p><img loading=\"lazy\" decoding=\"async\" class=\"aligncenter\" src=\"http:\/\/eltrenillo.org\/wp-content\/uploads\/2010\/05\/LOGO-e1287054782369.jpg\" alt=\"\" width=\"180\" height=\"121\" \/><\/p>\n<p>&nbsp;<\/p>\n<p style=\"text-align: center;\"><em><strong><span style=\"text-decoration: underline; color: #800080;\">Jornadas de puertas abiertas, en nuestra Sede Social,<\/span><\/strong><\/em><\/p>\n<p style=\"text-align: center;\"><em><strong><span style=\"text-decoration: underline; color: #800080;\">\u00a0d\u00edas \u00a023 y 30 de Diciembre, \u00a0de 17 a 20h.<\/span><\/strong><\/em><\/p>\n<p>&nbsp;<\/p>\n<p>Aprovechando \u00a0\u00e9stas fechas tan entra\u00f1ables, podr\u00e1n visitarnos \u00a0en nuestra sede social, sita en la estaci\u00f3n del \u00a0ferrocarril.<\/p>\n<p>Se \u00a0mostrar\u00e1 nuestra sede, la maqueta y material rodante, \u00a0a todos aquellos que nos visiten.<\/p>\n<p>Un actividad pensada para \u00e9stas fechas, donde peque\u00f1os y grandes nos podr\u00e1n conocer y pasar un \u00a0rato entretenido.<\/p>\n<p>Un \u00a0cordial saludo:<\/p>\n<p>AVAAF<\/p>\n<p>&nbsp;<\/p>\n","protected":false},"excerpt":{"rendered":"<p>&nbsp; Jornadas de puertas abiertas, en nuestra Sede Social, \u00a0d\u00edas \u00a023 y 30 de Diciembre, \u00a0de 17 a 20h. &nbsp; Aprovechando \u00a0\u00e9stas fechas tan entra\u00f1ables, podr\u00e1n visitarnos \u00a0en nuestra sede social, sita en la estaci\u00f3n del \u00a0ferrocarril. Se \u00a0mostrar\u00e1 nuestra sede, la maqueta y material rodante, \u00a0a todos aquellos que nos visiten. Un actividad pensada &hellip; <a href=\"https:\/\/www.eltrenillo.com\/?page_id=1484\" class=\"more-link\">Continuar leyendo<span class=\"screen-reader-text\"> \u00abJornada de Puertas Abiertas Sede Social.\u00bb<\/span><\/a><\/p>\n","protected":false},"author":1,"featured_media":0,"parent":0,"menu_order":0,"comment_status":"closed","ping_status":"closed","template":"","meta":{"footnotes":""},"class_list":["post-1484","page","type-page","status-publish","hentry"],"_links":{"self":[{"href":"https:\/\/www.eltrenillo.com\/index.php?rest_route=\/wp\/v2\/pages\/1484","targetHints":{"allow":["GET"]}}],"collection":[{"href":"https:\/\/www.eltrenillo.com\/index.php?rest_route=\/wp\/v2\/pages"}],"about":[{"href":"https:\/\/www.eltrenillo.com\/index.php?rest_route=\/wp\/v2\/types\/page"}],"author":[{"embeddable":true,"href":"https:\/\/www.eltrenillo.com\/index.php?rest_route=\/wp\/v2\/users\/1"}],"replies":[{"embeddable":true,"href":"https:\/\/www.eltrenillo.com\/index.php?rest_route=%2Fwp%2Fv2%2Fcomments&post=1484"}],"version-history":[{"count":6,"href":"https:\/\/www.eltrenillo.com\/index.php?rest_route=\/wp\/v2\/pages\/1484\/revisions"}],"predecessor-version":[{"id":1925,"href":"https:\/\/www.eltrenillo.com\/index.php?rest_route=\/wp\/v2\/pages\/1484\/revisions\/1925"}],"wp:attachment":[{"href":"https:\/\/www.eltrenillo.com\/index.php?rest_route=%2Fwp%2Fv2%2Fmedia&parent=1484"}],"curies":[{"name":"wp","href":"https:\/\/api.w.org\/{rel}","templated":true}]}}